{"id":206,"date":"2019-10-14T19:15:48","date_gmt":"2019-10-14T19:15:48","guid":{"rendered":"http:\/\/philipp-lemke.de\/?page_id=206"},"modified":"2024-03-03T20:24:01","modified_gmt":"2024-03-03T20:24:01","slug":"landing-page","status":"publish","type":"page","link":"https:\/\/philipp-lemke.de\/","title":{"rendered":"IT Beratung"},"content":{"rendered":"\t\t<div data-elementor-type=\"wp-post\" data-elementor-id=\"206\" class=\"elementor elementor-206\" data-elementor-post-type=\"page\">\n\t\t\t\t\t\t<section class=\"elementor-section elementor-top-section elementor-element elementor-element-495f7ca5 elementor-section-boxed elementor-section-height-default elementor-section-height-default\" data-id=\"495f7ca5\" data-element_type=\"section\" data-settings=\"{&quot;background_background&quot;:&quot;classic&quot;}\">\n\t\t\t\t\t\t<div class=\"elementor-container elementor-column-gap-default\">\n\t\t\t\t\t<div class=\"elementor-column elementor-col-100 elementor-top-column elementor-element elementor-element-2135351b\" data-id=\"2135351b\" data-element_type=\"column\">\n\t\t\t<div class=\"elementor-widget-wrap elementor-element-populated\">\n\t\t\t\t\t\t<section class=\"elementor-section elementor-inner-section elementor-element elementor-element-45e0c7b elementor-section-boxed elementor-section-height-default elementor-section-height-default\" data-id=\"45e0c7b\" data-element_type=\"section\">\n\t\t\t\t\t\t<div class=\"elementor-container elementor-column-gap-default\">\n\t\t\t\t\t<div class=\"elementor-column elementor-col-50 elementor-inner-column elementor-element elementor-element-228063b\" data-id=\"228063b\" data-element_type=\"column\">\n\t\t\t<div class=\"elementor-widget-wrap elementor-element-populated\">\n\t\t\t\t\t\t<div class=\"elementor-element elementor-element-d2926ba elementor-widget elementor-widget-image\" data-id=\"d2926ba\" data-element_type=\"widget\" data-widget_type=\"image.default\">\n\t\t\t\t<div class=\"elementor-widget-container\">\n\t\t\t\t\t\t\t\t\t\t\t\t\t<img decoding=\"async\" width=\"135\" height=\"180\" src=\"https:\/\/philipp-lemke.de\/wp-content\/uploads\/2019\/11\/philipp_lemke_passbild_web-1.jpg\" class=\"attachment-full size-full wp-image-423\" alt=\"Philipp Lemke\" \/>\t\t\t\t\t\t\t\t\t\t\t\t\t<\/div>\n\t\t\t\t<\/div>\n\t\t\t\t\t<\/div>\n\t\t<\/div>\n\t\t\t\t<div class=\"elementor-column elementor-col-50 elementor-inner-column elementor-element elementor-element-2313488\" data-id=\"2313488\" data-element_type=\"column\">\n\t\t\t<div class=\"elementor-widget-wrap elementor-element-populated\">\n\t\t\t\t\t\t<div class=\"elementor-element elementor-element-1330984 elementor-widget elementor-widget-heading\" data-id=\"1330984\" data-element_type=\"widget\" data-widget_type=\"heading.default\">\n\t\t\t\t<div class=\"elementor-widget-container\">\n\t\t\t<h2 class=\"elementor-heading-title elementor-size-default\">Individuelle Beratung<\/h2>\t\t<\/div>\n\t\t\t\t<\/div>\n\t\t\t\t<div class=\"elementor-element elementor-element-f61f9d3 elementor-widget elementor-widget-text-editor\" data-id=\"f61f9d3\" data-element_type=\"widget\" data-widget_type=\"text-editor.default\">\n\t\t\t\t<div class=\"elementor-widget-container\">\n\t\t\t\t\t\t\t<p>Als selbst\u00e4ndiger Berater biete ich Ihnen unabh\u00e4ngige Expertise f\u00fcr Ihre IT-Projekte.<\/p><p>Dabei k\u00f6nnen Sie auf meine langj\u00e4hrige Erfahrung als Solution Architect f\u00fcr Monitoring- und Automation Projekte bauen. Meine Kernkompetenz liegt in der Integration von Automation &amp; Monitoring L\u00f6sungen, um maximale Synergie-Effekte zu erzielen.<\/p>\t\t\t\t\t\t<\/div>\n\t\t\t\t<\/div>\n\t\t\t\t\t<\/div>\n\t\t<\/div>\n\t\t\t\t\t<\/div>\n\t\t<\/section>\n\t\t\t\t<section class=\"elementor-section elementor-inner-section elementor-element elementor-element-12e8929e elementor-section-boxed elementor-section-height-default elementor-section-height-default\" data-id=\"12e8929e\" data-element_type=\"section\">\n\t\t\t\t\t\t<div class=\"elementor-container elementor-column-gap-wide\">\n\t\t\t\t\t<div class=\"elementor-column elementor-col-33 elementor-inner-column elementor-element elementor-element-f17fcd4\" data-id=\"f17fcd4\" data-element_type=\"column\">\n\t\t\t<div class=\"elementor-widget-wrap elementor-element-populated\">\n\t\t\t\t\t\t<div class=\"elementor-element elementor-element-4b80a63b elementor-widget elementor-widget-heading\" data-id=\"4b80a63b\" data-element_type=\"widget\" data-widget_type=\"heading.default\">\n\t\t\t\t<div class=\"elementor-widget-container\">\n\t\t\t<h3 class=\"elementor-heading-title elementor-size-medium\">Automation<\/h3>\t\t<\/div>\n\t\t\t\t<\/div>\n\t\t\t\t<div class=\"elementor-element elementor-element-7d17d31c elementor-widget elementor-widget-text-editor\" data-id=\"7d17d31c\" data-element_type=\"widget\" data-widget_type=\"text-editor.default\">\n\t\t\t\t<div class=\"elementor-widget-container\">\n\t\t\t\t\t\t\t<p>Managen Sie Ihre IT-Infrastruktur und Anwendungen schon zentral?&nbsp;<\/p>\n<p>3 gute Gr\u00fcnde warum Sie sich f\u00fcr die Data Center Automation L\u00f6sung <b>SALT <\/b>entscheiden sollten.<\/p>\t\t\t\t\t\t<\/div>\n\t\t\t\t<\/div>\n\t\t\t\t<div class=\"elementor-element elementor-element-b77ee0c elementor-widget elementor-widget-text-editor\" data-id=\"b77ee0c\" data-element_type=\"widget\" data-widget_type=\"text-editor.default\">\n\t\t\t\t<div class=\"elementor-widget-container\">\n\t\t\t\t\t\t\t<p><strong>Kosten reduzieren<br \/><\/strong>mit der automatischen Durchf\u00fchrung von T\u00e4tigkeiten.<\/p><p><strong>Sicherheit erh\u00f6hen<br \/><\/strong>durch unternehmensweit g\u00fcltige Compliance-Definitionen. Diese k\u00f6nnen auf Knopfdruck \u00fcberpr\u00fcft und ggf. auch durchgesetzt werden.<\/p><p><strong>Freir\u00e4ume schaffen<br \/><\/strong>damit sich Ihre Mitarbeiter den wirklich interessanten und innovativen Aufgaben widmen k\u00f6nnen. <\/p>\t\t\t\t\t\t<\/div>\n\t\t\t\t<\/div>\n\t\t\t\t\t<\/div>\n\t\t<\/div>\n\t\t\t\t<div class=\"elementor-column elementor-col-33 elementor-inner-column elementor-element elementor-element-274cd015\" data-id=\"274cd015\" data-element_type=\"column\">\n\t\t\t<div class=\"elementor-widget-wrap elementor-element-populated\">\n\t\t\t\t\t\t<div class=\"elementor-element elementor-element-2ee58aac elementor-widget elementor-widget-heading\" data-id=\"2ee58aac\" data-element_type=\"widget\" data-widget_type=\"heading.default\">\n\t\t\t\t<div class=\"elementor-widget-container\">\n\t\t\t<h3 class=\"elementor-heading-title elementor-size-medium\">Monitoring<\/h3>\t\t<\/div>\n\t\t\t\t<\/div>\n\t\t\t\t<div class=\"elementor-element elementor-element-22c1c9f elementor-widget elementor-widget-text-editor\" data-id=\"22c1c9f\" data-element_type=\"widget\" data-widget_type=\"text-editor.default\">\n\t\t\t\t<div class=\"elementor-widget-container\">\n\t\t\t\t\t\t\t<p>Wie stellen Sie sicher, dass jeder Change in Ihrer IT-Umgebung auch im Monitoring ber\u00fccksichtigt wird?<\/p><p>3 gute Gr\u00fcnde warum sie auf die intelligente Monitoring L\u00f6sung Check<b>mk<\/b> setzen sollten.<\/p><p><strong>Ausf\u00e4lle vermeiden<\/strong><br \/>durch die intelligente Discovery Funktion f\u00fcr Metriken. Diese stellt sicher, dass auch \u00c4nderungen an Systemen vom Monitoring erkannt und ber\u00fccksichtigt werden.<\/p><p><strong>Proaktive Kapazit\u00e4tsplanung<\/strong><br \/>mit einem effizienten Kapazit\u00e4tsmanagement, welches Ihnen erlaubt fr\u00fchzeitig zu agieren (z.B. auf Metriken wie die erwartet Restkapazit\u00e4t in Tagen)<\/p><p><strong>Skalierbarkeit<\/strong><br \/>Ein Monitoring System muss sich den Gegebenheiten Ihrer IT-Landschaft anpassen k\u00f6nnen. Mit Check<strong>mk<\/strong> sind sie in der Lage Umgebungen zu \u00fcberwachen, die von wenigen Systemen, bis hin zu verteilten Enterprise IT-Umgebungen reichen.<\/p>\t\t\t\t\t\t<\/div>\n\t\t\t\t<\/div>\n\t\t\t\t\t<\/div>\n\t\t<\/div>\n\t\t\t\t<div class=\"elementor-column elementor-col-33 elementor-inner-column elementor-element elementor-element-6866d262\" data-id=\"6866d262\" data-element_type=\"column\">\n\t\t\t<div class=\"elementor-widget-wrap elementor-element-populated\">\n\t\t\t\t\t\t<div class=\"elementor-element elementor-element-207c9273 elementor-widget elementor-widget-heading\" data-id=\"207c9273\" data-element_type=\"widget\" data-widget_type=\"heading.default\">\n\t\t\t\t<div class=\"elementor-widget-container\">\n\t\t\t<h3 class=\"elementor-heading-title elementor-size-medium\"><a href=\"?page_id=475\">Seminare<\/a><\/h3>\t\t<\/div>\n\t\t\t\t<\/div>\n\t\t\t\t<div class=\"elementor-element elementor-element-8699116 elementor-widget elementor-widget-text-editor\" data-id=\"8699116\" data-element_type=\"widget\" data-widget_type=\"text-editor.default\">\n\t\t\t\t<div class=\"elementor-widget-container\">\n\t\t\t\t\t\t\t<p>Gerne gebe ich mein Wissen und Erfahrungen im Bereich Salt und Checkmk weiter. Aktuelle Seminare finden Sie <a href=\"?page_id=475\">hier<\/a>.<\/p>\t\t\t\t\t\t<\/div>\n\t\t\t\t<\/div>\n\t\t\t\t<div class=\"elementor-element elementor-element-48b5924 elementor-widget-divider--view-line elementor-widget elementor-widget-divider\" data-id=\"48b5924\" data-element_type=\"widget\" data-widget_type=\"divider.default\">\n\t\t\t\t<div class=\"elementor-widget-container\">\n\t\t\t\t\t<div class=\"elementor-divider\">\n\t\t\t<span class=\"elementor-divider-separator\">\n\t\t\t\t\t\t<\/span>\n\t\t<\/div>\n\t\t\t\t<\/div>\n\t\t\t\t<\/div>\n\t\t\t\t<div class=\"elementor-element elementor-element-c310aa5 elementor-widget elementor-widget-heading\" data-id=\"c310aa5\" data-element_type=\"widget\" data-widget_type=\"heading.default\">\n\t\t\t\t<div class=\"elementor-widget-container\">\n\t\t\t<h3 class=\"elementor-heading-title elementor-size-medium\">Consulting<\/h3>\t\t<\/div>\n\t\t\t\t<\/div>\n\t\t\t\t<div class=\"elementor-element elementor-element-68bb473f elementor-widget elementor-widget-text-editor\" data-id=\"68bb473f\" data-element_type=\"widget\" data-widget_type=\"text-editor.default\">\n\t\t\t\t<div class=\"elementor-widget-container\">\n\t\t\t\t\t\t\t<p>M\u00f6chten Sie dediziert auf\u00a0 meine Kompetenz und Erfahrung zur\u00fcckgreifen, kann ich Sie bei der Planung und Umsetzung Ihrer IT-Projekte als Berater unterst\u00fctzen.<\/p>\t\t\t\t\t\t<\/div>\n\t\t\t\t<\/div>\n\t\t\t\t<div class=\"elementor-element elementor-element-57c5455 elementor-headline--style-highlight elementor-widget elementor-widget-animated-headline\" data-id=\"57c5455\" data-element_type=\"widget\" data-settings=\"{&quot;highlighted_text&quot;:&quot;Angebot&quot;,&quot;marker&quot;:&quot;underline&quot;,&quot;headline_style&quot;:&quot;highlight&quot;,&quot;loop&quot;:&quot;yes&quot;,&quot;highlight_animation_duration&quot;:1200,&quot;highlight_iteration_delay&quot;:8000}\" data-widget_type=\"animated-headline.default\">\n\t\t\t\t<div class=\"elementor-widget-container\">\n\t\t\t\t\t\t<a href=\"http:\/\/philipp-lemke.de\/?page_id=304\">\n\n\t\t\t\t\t<h3 class=\"elementor-headline\">\n\t\t\t\t<span class=\"elementor-headline-dynamic-wrapper elementor-headline-text-wrapper\">\n\t\t\t\t\t<span class=\"elementor-headline-dynamic-text elementor-headline-text-active\">Angebot<\/span>\n\t\t\t\t<\/span>\n\t\t\t\t\t<span class=\"elementor-headline-plain-text elementor-headline-text-wrapper\">anfordern<\/span>\n\t\t\t\t\t<\/h3>\n\t\t<\/a>\t\t<\/div>\n\t\t\t\t<\/div>\n\t\t\t\t\t<\/div>\n\t\t<\/div>\n\t\t\t\t\t<\/div>\n\t\t<\/section>\n\t\t\t\t<div class=\"elementor-element elementor-element-368563e elementor-widget elementor-widget-heading\" data-id=\"368563e\" data-element_type=\"widget\" data-widget_type=\"heading.default\">\n\t\t\t\t<div class=\"elementor-widget-container\">\n\t\t\t<h2 class=\"elementor-heading-title elementor-size-default\">I work with<\/h2>\t\t<\/div>\n\t\t\t\t<\/div>\n\t\t\t\t<div class=\"elementor-element elementor-element-5df57da1 elementor-pagination-position-outside elementor-widget elementor-widget-image-carousel\" data-id=\"5df57da1\" data-element_type=\"widget\" data-settings=\"{&quot;slides_to_show&quot;:&quot;6&quot;,&quot;slides_to_scroll&quot;:&quot;2&quot;,&quot;navigation&quot;:&quot;dots&quot;,&quot;image_spacing_custom&quot;:{&quot;unit&quot;:&quot;px&quot;,&quot;size&quot;:70,&quot;sizes&quot;:[]},&quot;slides_to_show_tablet&quot;:&quot;2&quot;,&quot;autoplay&quot;:&quot;yes&quot;,&quot;pause_on_hover&quot;:&quot;yes&quot;,&quot;pause_on_interaction&quot;:&quot;yes&quot;,&quot;autoplay_speed&quot;:5000,&quot;infinite&quot;:&quot;yes&quot;,&quot;speed&quot;:500,&quot;image_spacing_custom_tablet&quot;:{&quot;unit&quot;:&quot;px&quot;,&quot;size&quot;:&quot;&quot;,&quot;sizes&quot;:[]},&quot;image_spacing_custom_mobile&quot;:{&quot;unit&quot;:&quot;px&quot;,&quot;size&quot;:&quot;&quot;,&quot;sizes&quot;:[]}}\" data-widget_type=\"image-carousel.default\">\n\t\t\t\t<div class=\"elementor-widget-container\">\n\t\t\t\t\t<div class=\"elementor-image-carousel-wrapper swiper\" dir=\"ltr\">\n\t\t\t<div class=\"elementor-image-carousel swiper-wrapper\" aria-live=\"off\">\n\t\t\t\t\t\t\t\t<div class=\"swiper-slide\" role=\"group\" aria-roledescription=\"slide\" aria-label=\"1 of 4\"><figure class=\"swiper-slide-inner\"><img decoding=\"async\" class=\"swiper-slide-image\" src=\"https:\/\/philipp-lemke.de\/wp-content\/uploads\/2019\/11\/checkmk-logo_black.png\" alt=\"\" \/><\/figure><\/div><div class=\"swiper-slide\" role=\"group\" aria-roledescription=\"slide\" aria-label=\"2 of 4\"><figure class=\"swiper-slide-inner\"><img decoding=\"async\" class=\"swiper-slide-image\" src=\"https:\/\/philipp-lemke.de\/wp-content\/uploads\/2019\/11\/SS_logo_blk_500.png\" alt=\"\" \/><\/figure><\/div><div class=\"swiper-slide\" role=\"group\" aria-roledescription=\"slide\" aria-label=\"3 of 4\"><figure class=\"swiper-slide-inner\"><img decoding=\"async\" class=\"swiper-slide-image\" src=\"https:\/\/philipp-lemke.de\/wp-content\/uploads\/2019\/11\/python_logo.png\" alt=\"\" \/><\/figure><\/div><div class=\"swiper-slide\" role=\"group\" aria-roledescription=\"slide\" aria-label=\"4 of 4\"><figure class=\"swiper-slide-inner\"><img decoding=\"async\" class=\"swiper-slide-image\" src=\"https:\/\/philipp-lemke.de\/wp-content\/uploads\/2021\/08\/robotframework_transparent.png\" alt=\"\" \/><\/figure><\/div>\t\t\t<\/div>\n\t\t\t\t\t\t\t\n\t\t\t\t\t\t\t\t\t<div class=\"swiper-pagination\"><\/div>\n\t\t\t\t\t\t\t\t\t<\/div>\n\t\t\t\t<\/div>\n\t\t\t\t<\/div>\n\t\t\t\t\t<\/div>\n\t\t<\/div>\n\t\t\t\t\t<\/div>\n\t\t<\/section>\n\t\t\t\t<\/div>\n\t\t","protected":false},"excerpt":{"rendered":"<p>Individuelle Beratung Als selbst\u00e4ndiger Berater biete ich Ihnen unabh\u00e4ngige Expertise f\u00fcr Ihre IT-Projekte. Dabei k\u00f6nnen Sie auf meine langj\u00e4hrige Erfahrung als Solution Architect f\u00fcr Monitoring- und Automation Projekte bauen. Meine Kernkompetenz liegt in der Integration von Automation &amp; Monitoring L\u00f6sungen, um maximale Synergie-Effekte zu erzielen. Automation Managen Sie Ihre IT-Infrastruktur und Anwendungen schon zentral? 3 [&hellip;]<\/p>\n","protected":false},"author":1,"featured_media":0,"parent":0,"menu_order":0,"comment_status":"closed","ping_status":"closed","template":"","meta":{"footnotes":""},"class_list":["post-206","page","type-page","status-publish","hentry","wpbf-post"],"yoast_head":"<!-- This site is optimized with the Yoast SEO plugin v23.6 - https:\/\/yoast.com\/wordpress\/plugins\/seo\/ -->\n<title>IT Beratung - PL Automation Monitoring<\/title>\n<meta name=\"description\" content=\"Senior Consultant Checkmk &amp; Salt |\" \/>\n<meta name=\"robots\" content=\"index, follow, max-snippet:-1, max-image-preview:large, max-video-preview:-1\" \/>\n<link rel=\"canonical\" href=\"https:\/\/philipp-lemke.de\/\" \/>\n<meta property=\"og:locale\" content=\"en_US\" \/>\n<meta property=\"og:type\" content=\"article\" \/>\n<meta property=\"og:title\" content=\"IT Beratung - PL Automation Monitoring\" \/>\n<meta property=\"og:description\" content=\"Senior Consultant Checkmk &amp; Salt |\" \/>\n<meta property=\"og:url\" content=\"https:\/\/philipp-lemke.de\/\" \/>\n<meta property=\"og:site_name\" content=\"PL Automation Monitoring\" \/>\n<meta property=\"article:modified_time\" content=\"2024-03-03T20:24:01+00:00\" \/>\n<meta property=\"og:image\" content=\"https:\/\/philipp-lemke.de\/wp-content\/uploads\/2019\/11\/philipp_lemke_passbild_web-1.jpg\" \/>\n<meta name=\"twitter:card\" content=\"summary_large_image\" \/>\n<meta name=\"twitter:label1\" content=\"Est. reading time\" \/>\n\t<meta name=\"twitter:data1\" content=\"3 minutes\" \/>\n<script type=\"application\/ld+json\" class=\"yoast-schema-graph\">{\"@context\":\"https:\/\/schema.org\",\"@graph\":[{\"@type\":\"WebPage\",\"@id\":\"https:\/\/philipp-lemke.de\/\",\"url\":\"https:\/\/philipp-lemke.de\/\",\"name\":\"IT Beratung - PL Automation Monitoring\",\"isPartOf\":{\"@id\":\"https:\/\/philipp-lemke.de\/#website\"},\"primaryImageOfPage\":{\"@id\":\"https:\/\/philipp-lemke.de\/#primaryimage\"},\"image\":{\"@id\":\"https:\/\/philipp-lemke.de\/#primaryimage\"},\"thumbnailUrl\":\"https:\/\/philipp-lemke.de\/wp-content\/uploads\/2019\/11\/philipp_lemke_passbild_web-1.jpg\",\"datePublished\":\"2019-10-14T19:15:48+00:00\",\"dateModified\":\"2024-03-03T20:24:01+00:00\",\"description\":\"Senior Consultant Checkmk & Salt |\",\"breadcrumb\":{\"@id\":\"https:\/\/philipp-lemke.de\/#breadcrumb\"},\"inLanguage\":\"en-US\",\"potentialAction\":[{\"@type\":\"ReadAction\",\"target\":[\"https:\/\/philipp-lemke.de\/\"]}]},{\"@type\":\"ImageObject\",\"inLanguage\":\"en-US\",\"@id\":\"https:\/\/philipp-lemke.de\/#primaryimage\",\"url\":\"https:\/\/philipp-lemke.de\/wp-content\/uploads\/2019\/11\/philipp_lemke_passbild_web-1.jpg\",\"contentUrl\":\"https:\/\/philipp-lemke.de\/wp-content\/uploads\/2019\/11\/philipp_lemke_passbild_web-1.jpg\",\"width\":135,\"height\":180,\"caption\":\"Philipp Lemke\"},{\"@type\":\"BreadcrumbList\",\"@id\":\"https:\/\/philipp-lemke.de\/#breadcrumb\",\"itemListElement\":[{\"@type\":\"ListItem\",\"position\":1,\"name\":\"Home\",\"item\":\"https:\/\/philipp-lemke.de\/\"},{\"@type\":\"ListItem\",\"position\":2,\"name\":\"IT Beratung\"}]},{\"@type\":\"WebSite\",\"@id\":\"https:\/\/philipp-lemke.de\/#website\",\"url\":\"https:\/\/philipp-lemke.de\/\",\"name\":\"PL Automation Monitoring\",\"description\":\"Beratung checkmk saltstack robotmk robotframework\",\"publisher\":{\"@id\":\"https:\/\/philipp-lemke.de\/#organization\"},\"potentialAction\":[{\"@type\":\"SearchAction\",\"target\":{\"@type\":\"EntryPoint\",\"urlTemplate\":\"https:\/\/philipp-lemke.de\/?s={search_term_string}\"},\"query-input\":{\"@type\":\"PropertyValueSpecification\",\"valueRequired\":true,\"valueName\":\"search_term_string\"}}],\"inLanguage\":\"en-US\"},{\"@type\":\"Organization\",\"@id\":\"https:\/\/philipp-lemke.de\/#organization\",\"name\":\"PL Automation Monitoring\",\"url\":\"https:\/\/philipp-lemke.de\/\",\"logo\":{\"@type\":\"ImageObject\",\"inLanguage\":\"en-US\",\"@id\":\"https:\/\/philipp-lemke.de\/#\/schema\/logo\/image\/\",\"url\":\"https:\/\/philipp-lemke.de\/wp-content\/uploads\/2019\/11\/transparent_background_118.png\",\"contentUrl\":\"https:\/\/philipp-lemke.de\/wp-content\/uploads\/2019\/11\/transparent_background_118.png\",\"width\":886,\"height\":360,\"caption\":\"PL Automation Monitoring\"},\"image\":{\"@id\":\"https:\/\/philipp-lemke.de\/#\/schema\/logo\/image\/\"}}]}<\/script>\n<!-- \/ Yoast SEO plugin. -->","yoast_head_json":{"title":"IT Beratung - PL Automation Monitoring","description":"Senior Consultant Checkmk & Salt |","robots":{"index":"index","follow":"follow","max-snippet":"max-snippet:-1","max-image-preview":"max-image-preview:large","max-video-preview":"max-video-preview:-1"},"canonical":"https:\/\/philipp-lemke.de\/","og_locale":"en_US","og_type":"article","og_title":"IT Beratung - PL Automation Monitoring","og_description":"Senior Consultant Checkmk & Salt |","og_url":"https:\/\/philipp-lemke.de\/","og_site_name":"PL Automation Monitoring","article_modified_time":"2024-03-03T20:24:01+00:00","og_image":[{"url":"https:\/\/philipp-lemke.de\/wp-content\/uploads\/2019\/11\/philipp_lemke_passbild_web-1.jpg"}],"twitter_card":"summary_large_image","twitter_misc":{"Est. reading time":"3 minutes"},"schema":{"@context":"https:\/\/schema.org","@graph":[{"@type":"WebPage","@id":"https:\/\/philipp-lemke.de\/","url":"https:\/\/philipp-lemke.de\/","name":"IT Beratung - PL Automation Monitoring","isPartOf":{"@id":"https:\/\/philipp-lemke.de\/#website"},"primaryImageOfPage":{"@id":"https:\/\/philipp-lemke.de\/#primaryimage"},"image":{"@id":"https:\/\/philipp-lemke.de\/#primaryimage"},"thumbnailUrl":"https:\/\/philipp-lemke.de\/wp-content\/uploads\/2019\/11\/philipp_lemke_passbild_web-1.jpg","datePublished":"2019-10-14T19:15:48+00:00","dateModified":"2024-03-03T20:24:01+00:00","description":"Senior Consultant Checkmk & Salt |","breadcrumb":{"@id":"https:\/\/philipp-lemke.de\/#breadcrumb"},"inLanguage":"en-US","potentialAction":[{"@type":"ReadAction","target":["https:\/\/philipp-lemke.de\/"]}]},{"@type":"ImageObject","inLanguage":"en-US","@id":"https:\/\/philipp-lemke.de\/#primaryimage","url":"https:\/\/philipp-lemke.de\/wp-content\/uploads\/2019\/11\/philipp_lemke_passbild_web-1.jpg","contentUrl":"https:\/\/philipp-lemke.de\/wp-content\/uploads\/2019\/11\/philipp_lemke_passbild_web-1.jpg","width":135,"height":180,"caption":"Philipp Lemke"},{"@type":"BreadcrumbList","@id":"https:\/\/philipp-lemke.de\/#breadcrumb","itemListElement":[{"@type":"ListItem","position":1,"name":"Home","item":"https:\/\/philipp-lemke.de\/"},{"@type":"ListItem","position":2,"name":"IT Beratung"}]},{"@type":"WebSite","@id":"https:\/\/philipp-lemke.de\/#website","url":"https:\/\/philipp-lemke.de\/","name":"PL Automation Monitoring","description":"Beratung checkmk saltstack robotmk robotframework","publisher":{"@id":"https:\/\/philipp-lemke.de\/#organization"},"potentialAction":[{"@type":"SearchAction","target":{"@type":"EntryPoint","urlTemplate":"https:\/\/philipp-lemke.de\/?s={search_term_string}"},"query-input":{"@type":"PropertyValueSpecification","valueRequired":true,"valueName":"search_term_string"}}],"inLanguage":"en-US"},{"@type":"Organization","@id":"https:\/\/philipp-lemke.de\/#organization","name":"PL Automation Monitoring","url":"https:\/\/philipp-lemke.de\/","logo":{"@type":"ImageObject","inLanguage":"en-US","@id":"https:\/\/philipp-lemke.de\/#\/schema\/logo\/image\/","url":"https:\/\/philipp-lemke.de\/wp-content\/uploads\/2019\/11\/transparent_background_118.png","contentUrl":"https:\/\/philipp-lemke.de\/wp-content\/uploads\/2019\/11\/transparent_background_118.png","width":886,"height":360,"caption":"PL Automation Monitoring"},"image":{"@id":"https:\/\/philipp-lemke.de\/#\/schema\/logo\/image\/"}}]}},"_links":{"self":[{"href":"https:\/\/philipp-lemke.de\/index.php?rest_route=\/wp\/v2\/pages\/206","targetHints":{"allow":["GET"]}}],"collection":[{"href":"https:\/\/philipp-lemke.de\/index.php?rest_route=\/wp\/v2\/pages"}],"about":[{"href":"https:\/\/philipp-lemke.de\/index.php?rest_route=\/wp\/v2\/types\/page"}],"author":[{"embeddable":true,"href":"https:\/\/philipp-lemke.de\/index.php?rest_route=\/wp\/v2\/users\/1"}],"replies":[{"embeddable":true,"href":"https:\/\/philipp-lemke.de\/index.php?rest_route=%2Fwp%2Fv2%2Fcomments&post=206"}],"version-history":[{"count":95,"href":"https:\/\/philipp-lemke.de\/index.php?rest_route=\/wp\/v2\/pages\/206\/revisions"}],"predecessor-version":[{"id":822,"href":"https:\/\/philipp-lemke.de\/index.php?rest_route=\/wp\/v2\/pages\/206\/revisions\/822"}],"wp:attachment":[{"href":"https:\/\/philipp-lemke.de\/index.php?rest_route=%2Fwp%2Fv2%2Fmedia&parent=206"}],"curies":[{"name":"wp","href":"https:\/\/api.w.org\/{rel}","templated":true}]}}