{"id":517,"date":"2020-12-29T15:48:27","date_gmt":"2020-12-29T15:48:27","guid":{"rendered":"https:\/\/philipp-lemke.de\/?page_id=517"},"modified":"2021-10-04T10:17:44","modified_gmt":"2021-10-04T10:17:44","slug":"vetragsbedingungen-fuer-seminare","status":"publish","type":"page","link":"https:\/\/philipp-lemke.de\/?page_id=517","title":{"rendered":"Vetragsbedingungen-Seminare"},"content":{"rendered":"\t\t<div data-elementor-type=\"wp-page\" data-elementor-id=\"517\" class=\"elementor elementor-517\" data-elementor-post-type=\"page\">\n\t\t\t\t\t\t<section class=\"elementor-section elementor-top-section elementor-element elementor-element-0182d99 elementor-section-boxed elementor-section-height-default elementor-section-height-default\" data-id=\"0182d99\" data-element_type=\"section\">\n\t\t\t\t\t\t<div class=\"elementor-container elementor-column-gap-default\">\n\t\t\t\t\t<div class=\"elementor-column elementor-col-100 elementor-top-column elementor-element elementor-element-20c3a65\" data-id=\"20c3a65\" data-element_type=\"column\">\n\t\t\t<div class=\"elementor-widget-wrap elementor-element-populated\">\n\t\t\t\t\t\t<div class=\"elementor-element elementor-element-5a64cff elementor-widget elementor-widget-heading\" data-id=\"5a64cff\" data-element_type=\"widget\" data-widget_type=\"heading.default\">\n\t\t\t\t<div class=\"elementor-widget-container\">\n\t\t\t<h2 class=\"elementor-heading-title elementor-size-default\">Vertragsbedingungen f\u00fcr Seminare<\/h2>\t\t<\/div>\n\t\t\t\t<\/div>\n\t\t\t\t\t<\/div>\n\t\t<\/div>\n\t\t\t\t\t<\/div>\n\t\t<\/section>\n\t\t\t\t<section class=\"elementor-section elementor-top-section elementor-element elementor-element-a06e44a elementor-section-boxed elementor-section-height-default elementor-section-height-default\" data-id=\"a06e44a\" data-element_type=\"section\">\n\t\t\t\t\t\t<div class=\"elementor-container elementor-column-gap-default\">\n\t\t\t\t\t<div class=\"elementor-column elementor-col-100 elementor-top-column elementor-element elementor-element-c3e473c\" data-id=\"c3e473c\" data-element_type=\"column\">\n\t\t\t<div class=\"elementor-widget-wrap elementor-element-populated\">\n\t\t\t\t\t\t<div class=\"elementor-element elementor-element-54b0e29 elementor-icon-list--layout-traditional elementor-list-item-link-full_width elementor-widget elementor-widget-icon-list\" data-id=\"54b0e29\" data-element_type=\"widget\" data-widget_type=\"icon-list.default\">\n\t\t\t\t<div class=\"elementor-widget-container\">\n\t\t\t\t\t<ul class=\"elementor-icon-list-items\">\n\t\t\t\t\t\t\t<li class=\"elementor-icon-list-item\">\n\t\t\t\t\t\t\t\t\t\t\t<span class=\"elementor-icon-list-icon\">\n\t\t\t\t\t\t\t<i aria-hidden=\"true\" class=\"fas fa-dot-circle\"><\/i>\t\t\t\t\t\t<\/span>\n\t\t\t\t\t\t\t\t\t\t<span class=\"elementor-icon-list-text\">Die Anmeldung f\u00fcr Seminarteilnehmer ist verbindlich<\/span>\n\t\t\t\t\t\t\t\t\t<\/li>\n\t\t\t\t\t\t\t\t<li class=\"elementor-icon-list-item\">\n\t\t\t\t\t\t\t\t\t\t\t<span class=\"elementor-icon-list-icon\">\n\t\t\t\t\t\t\t<i aria-hidden=\"true\" class=\"fas fa-dot-circle\"><\/i>\t\t\t\t\t\t<\/span>\n\t\t\t\t\t\t\t\t\t\t<span class=\"elementor-icon-list-text\">Die Unterrichtszeit f\u00fcr Online-Seminare betr\u00e4gt t\u00e4glich 6 Stunden: (9:00 - 12:00 Uhr)  sowie (13:00 -16:00 Uhr)<\/span>\n\t\t\t\t\t\t\t\t\t<\/li>\n\t\t\t\t\t\t\t\t<li class=\"elementor-icon-list-item\">\n\t\t\t\t\t\t\t\t\t\t\t<span class=\"elementor-icon-list-icon\">\n\t\t\t\t\t\t\t<i aria-hidden=\"true\" class=\"fas fa-dot-circle\"><\/i>\t\t\t\t\t\t<\/span>\n\t\t\t\t\t\t\t\t\t\t<span class=\"elementor-icon-list-text\">Stornierungsbedingungen: 4 Wochen vor Seminarbeginn kostenfrei, 2 Wochen vorher 50% Stornokosten. Bei sp\u00e4teren Stornierungen werden 80% des Semiarpreises f\u00e4llig.<\/span>\n\t\t\t\t\t\t\t\t\t<\/li>\n\t\t\t\t\t\t\t\t<li class=\"elementor-icon-list-item\">\n\t\t\t\t\t\t\t\t\t\t\t<span class=\"elementor-icon-list-icon\">\n\t\t\t\t\t\t\t<i aria-hidden=\"true\" class=\"fas fa-dot-circle\"><\/i>\t\t\t\t\t\t<\/span>\n\t\t\t\t\t\t\t\t\t\t<span class=\"elementor-icon-list-text\">Ausgeh\u00e4ndigte Schulungsunterlagen d\u00fcrfen nur vom Teilnehmer selbst verwendet werden. Eine Vervielf\u00e4ltigung oder Weitergabe der Unterlagen ist ausdr\u00fccklich untersagt.  <\/span>\n\t\t\t\t\t\t\t\t\t<\/li>\n\t\t\t\t\t\t\t\t<li class=\"elementor-icon-list-item\">\n\t\t\t\t\t\t\t\t\t\t\t<span class=\"elementor-icon-list-icon\">\n\t\t\t\t\t\t\t<i aria-hidden=\"true\" class=\"fas fa-dot-circle\"><\/i>\t\t\t\t\t\t<\/span>\n\t\t\t\t\t\t\t\t\t\t<span class=\"elementor-icon-list-text\">Der Anbieter ist berechtigt im Krankheitsfalle des Dozenten das Seminar zu stornieren.<\/span>\n\t\t\t\t\t\t\t\t\t<\/li>\n\t\t\t\t\t\t<\/ul>\n\t\t\t\t<\/div>\n\t\t\t\t<\/div>\n\t\t\t\t\t<\/div>\n\t\t<\/div>\n\t\t\t\t\t<\/div>\n\t\t<\/section>\n\t\t\t\t<\/div>\n\t\t","protected":false},"excerpt":{"rendered":"<p>Vertragsbedingungen f\u00fcr Seminare Die Anmeldung f\u00fcr Seminarteilnehmer ist verbindlich Die Unterrichtszeit f\u00fcr Online-Seminare betr\u00e4gt t\u00e4glich 6 Stunden: (9:00 &#8211; 12:00 Uhr) sowie (13:00 -16:00 Uhr) Stornierungsbedingungen: 4 Wochen vor Seminarbeginn kostenfrei, 2 Wochen vorher 50% Stornokosten. Bei sp\u00e4teren Stornierungen werden 80% des Semiarpreises f\u00e4llig. Ausgeh\u00e4ndigte Schulungsunterlagen d\u00fcrfen nur vom Teilnehmer selbst verwendet werden. Eine Vervielf\u00e4ltigung [&hellip;]<\/p>\n","protected":false},"author":1,"featured_media":0,"parent":0,"menu_order":0,"comment_status":"closed","ping_status":"closed","template":"","meta":{"footnotes":""},"class_list":["post-517","page","type-page","status-publish","hentry","wpbf-post"],"yoast_head":"<!-- This site is optimized with the Yoast SEO plugin v23.6 - https:\/\/yoast.com\/wordpress\/plugins\/seo\/ -->\n<title>Vetragsbedingungen-Seminare - PL Automation Monitoring<\/title>\n<meta name=\"description\" content=\"Senior Consultant Checkmk &amp; Salt | SaltStack Trainings | SaltStack Schulungen\" \/>\n<meta name=\"robots\" content=\"index, follow, max-snippet:-1, max-image-preview:large, max-video-preview:-1\" \/>\n<link rel=\"canonical\" href=\"https:\/\/philipp-lemke.de\/?page_id=517\" \/>\n<meta property=\"og:locale\" content=\"en_US\" \/>\n<meta property=\"og:type\" content=\"article\" \/>\n<meta property=\"og:title\" content=\"Vetragsbedingungen-Seminare - PL Automation Monitoring\" \/>\n<meta property=\"og:description\" content=\"Senior Consultant Checkmk &amp; Salt | SaltStack Trainings | SaltStack Schulungen\" \/>\n<meta property=\"og:url\" content=\"https:\/\/philipp-lemke.de\/?page_id=517\" \/>\n<meta property=\"og:site_name\" content=\"PL Automation Monitoring\" \/>\n<meta property=\"article:modified_time\" content=\"2021-10-04T10:17:44+00:00\" \/>\n<meta name=\"twitter:card\" content=\"summary_large_image\" \/>\n<script type=\"application\/ld+json\" class=\"yoast-schema-graph\">{\"@context\":\"https:\/\/schema.org\",\"@graph\":[{\"@type\":\"WebPage\",\"@id\":\"https:\/\/philipp-lemke.de\/?page_id=517\",\"url\":\"https:\/\/philipp-lemke.de\/?page_id=517\",\"name\":\"Vetragsbedingungen-Seminare - PL Automation Monitoring\",\"isPartOf\":{\"@id\":\"https:\/\/philipp-lemke.de\/#website\"},\"datePublished\":\"2020-12-29T15:48:27+00:00\",\"dateModified\":\"2021-10-04T10:17:44+00:00\",\"description\":\"Senior Consultant Checkmk & Salt | SaltStack Trainings | SaltStack Schulungen\",\"breadcrumb\":{\"@id\":\"https:\/\/philipp-lemke.de\/?page_id=517#breadcrumb\"},\"inLanguage\":\"en-US\",\"potentialAction\":[{\"@type\":\"ReadAction\",\"target\":[\"https:\/\/philipp-lemke.de\/?page_id=517\"]}]},{\"@type\":\"BreadcrumbList\",\"@id\":\"https:\/\/philipp-lemke.de\/?page_id=517#breadcrumb\",\"itemListElement\":[{\"@type\":\"ListItem\",\"position\":1,\"name\":\"Home\",\"item\":\"https:\/\/philipp-lemke.de\/\"},{\"@type\":\"ListItem\",\"position\":2,\"name\":\"Vetragsbedingungen-Seminare\"}]},{\"@type\":\"WebSite\",\"@id\":\"https:\/\/philipp-lemke.de\/#website\",\"url\":\"https:\/\/philipp-lemke.de\/\",\"name\":\"PL Automation Monitoring\",\"description\":\"Beratung checkmk saltstack robotmk robotframework\",\"publisher\":{\"@id\":\"https:\/\/philipp-lemke.de\/#organization\"},\"potentialAction\":[{\"@type\":\"SearchAction\",\"target\":{\"@type\":\"EntryPoint\",\"urlTemplate\":\"https:\/\/philipp-lemke.de\/?s={search_term_string}\"},\"query-input\":{\"@type\":\"PropertyValueSpecification\",\"valueRequired\":true,\"valueName\":\"search_term_string\"}}],\"inLanguage\":\"en-US\"},{\"@type\":\"Organization\",\"@id\":\"https:\/\/philipp-lemke.de\/#organization\",\"name\":\"PL Automation Monitoring\",\"url\":\"https:\/\/philipp-lemke.de\/\",\"logo\":{\"@type\":\"ImageObject\",\"inLanguage\":\"en-US\",\"@id\":\"https:\/\/philipp-lemke.de\/#\/schema\/logo\/image\/\",\"url\":\"https:\/\/philipp-lemke.de\/wp-content\/uploads\/2019\/11\/transparent_background_118.png\",\"contentUrl\":\"https:\/\/philipp-lemke.de\/wp-content\/uploads\/2019\/11\/transparent_background_118.png\",\"width\":886,\"height\":360,\"caption\":\"PL Automation Monitoring\"},\"image\":{\"@id\":\"https:\/\/philipp-lemke.de\/#\/schema\/logo\/image\/\"}}]}<\/script>\n<!-- \/ Yoast SEO plugin. -->","yoast_head_json":{"title":"Vetragsbedingungen-Seminare - PL Automation Monitoring","description":"Senior Consultant Checkmk & Salt | SaltStack Trainings | SaltStack Schulungen","robots":{"index":"index","follow":"follow","max-snippet":"max-snippet:-1","max-image-preview":"max-image-preview:large","max-video-preview":"max-video-preview:-1"},"canonical":"https:\/\/philipp-lemke.de\/?page_id=517","og_locale":"en_US","og_type":"article","og_title":"Vetragsbedingungen-Seminare - PL Automation Monitoring","og_description":"Senior Consultant Checkmk & Salt | SaltStack Trainings | SaltStack Schulungen","og_url":"https:\/\/philipp-lemke.de\/?page_id=517","og_site_name":"PL Automation Monitoring","article_modified_time":"2021-10-04T10:17:44+00:00","twitter_card":"summary_large_image","schema":{"@context":"https:\/\/schema.org","@graph":[{"@type":"WebPage","@id":"https:\/\/philipp-lemke.de\/?page_id=517","url":"https:\/\/philipp-lemke.de\/?page_id=517","name":"Vetragsbedingungen-Seminare - PL Automation Monitoring","isPartOf":{"@id":"https:\/\/philipp-lemke.de\/#website"},"datePublished":"2020-12-29T15:48:27+00:00","dateModified":"2021-10-04T10:17:44+00:00","description":"Senior Consultant Checkmk & Salt | SaltStack Trainings | SaltStack Schulungen","breadcrumb":{"@id":"https:\/\/philipp-lemke.de\/?page_id=517#breadcrumb"},"inLanguage":"en-US","potentialAction":[{"@type":"ReadAction","target":["https:\/\/philipp-lemke.de\/?page_id=517"]}]},{"@type":"BreadcrumbList","@id":"https:\/\/philipp-lemke.de\/?page_id=517#breadcrumb","itemListElement":[{"@type":"ListItem","position":1,"name":"Home","item":"https:\/\/philipp-lemke.de\/"},{"@type":"ListItem","position":2,"name":"Vetragsbedingungen-Seminare"}]},{"@type":"WebSite","@id":"https:\/\/philipp-lemke.de\/#website","url":"https:\/\/philipp-lemke.de\/","name":"PL Automation Monitoring","description":"Beratung checkmk saltstack robotmk robotframework","publisher":{"@id":"https:\/\/philipp-lemke.de\/#organization"},"potentialAction":[{"@type":"SearchAction","target":{"@type":"EntryPoint","urlTemplate":"https:\/\/philipp-lemke.de\/?s={search_term_string}"},"query-input":{"@type":"PropertyValueSpecification","valueRequired":true,"valueName":"search_term_string"}}],"inLanguage":"en-US"},{"@type":"Organization","@id":"https:\/\/philipp-lemke.de\/#organization","name":"PL Automation Monitoring","url":"https:\/\/philipp-lemke.de\/","logo":{"@type":"ImageObject","inLanguage":"en-US","@id":"https:\/\/philipp-lemke.de\/#\/schema\/logo\/image\/","url":"https:\/\/philipp-lemke.de\/wp-content\/uploads\/2019\/11\/transparent_background_118.png","contentUrl":"https:\/\/philipp-lemke.de\/wp-content\/uploads\/2019\/11\/transparent_background_118.png","width":886,"height":360,"caption":"PL Automation Monitoring"},"image":{"@id":"https:\/\/philipp-lemke.de\/#\/schema\/logo\/image\/"}}]}},"_links":{"self":[{"href":"https:\/\/philipp-lemke.de\/index.php?rest_route=\/wp\/v2\/pages\/517","targetHints":{"allow":["GET"]}}],"collection":[{"href":"https:\/\/philipp-lemke.de\/index.php?rest_route=\/wp\/v2\/pages"}],"about":[{"href":"https:\/\/philipp-lemke.de\/index.php?rest_route=\/wp\/v2\/types\/page"}],"author":[{"embeddable":true,"href":"https:\/\/philipp-lemke.de\/index.php?rest_route=\/wp\/v2\/users\/1"}],"replies":[{"embeddable":true,"href":"https:\/\/philipp-lemke.de\/index.php?rest_route=%2Fwp%2Fv2%2Fcomments&post=517"}],"version-history":[{"count":20,"href":"https:\/\/philipp-lemke.de\/index.php?rest_route=\/wp\/v2\/pages\/517\/revisions"}],"predecessor-version":[{"id":692,"href":"https:\/\/philipp-lemke.de\/index.php?rest_route=\/wp\/v2\/pages\/517\/revisions\/692"}],"wp:attachment":[{"href":"https:\/\/philipp-lemke.de\/index.php?rest_route=%2Fwp%2Fv2%2Fmedia&parent=517"}],"curies":[{"name":"wp","href":"https:\/\/api.w.org\/{rel}","templated":true}]}}